{"id":7,"date":"2016-02-29T08:24:12","date_gmt":"2016-02-29T07:24:12","guid":{"rendered":"http:\/\/www.romanuttilegno.it\/about\/"},"modified":"2025-06-30T17:17:04","modified_gmt":"2025-06-30T15:17:04","slug":"lazienda","status":"publish","type":"page","link":"https:\/\/www.romanuttilegno.it\/it\/lazienda\/","title":{"rendered":"L&#8217;Azienda"},"content":{"rendered":"<div class=\"wpb-content-wrapper\"><p>[vc_row bg_type=&#8221;color&#8221; header_feature=&#8221;yes&#8221; bg_color=&#8221;#f1f1f1&#8243; padding_top=&#8221;14%&#8221; padding_bottom=&#8221;14%&#8221; margin_bottom=&#8221;0&#8243;][vc_column width=&#8221;1\/3&#8243; tablet_sm_width=&#8221;1&#8243;]<div class=\"grve-element grve-box-icon grve-align-left grve-animated-item grve-fadeInUp\" style=\"\" data-delay=\"200\">  <div class=\"grve-icon grve-medium grve-simple grve-no-shape grve-color-primary-1 smp-icon-book-open\"><\/div>  <div class=\"grve-box-content\"><h5 class=\"grve-box-title\"><span>Storia<\/span><\/h5>    <p class=\"\">La storia della ditta Romanutti Legno, un\u2019enciclopedia di sapere che da oltre novant\u2019anni fornisce il migliore servizio di essiccazione ed evaporazione del legno per clienti nazionali ed europei.<\/p>  <\/div><\/div>[\/vc_column][vc_column width=&#8221;1\/3&#8243; tablet_sm_width=&#8221;1&#8243;]<div class=\"grve-element grve-box-icon grve-align-left grve-animated-item grve-fadeInUp\" style=\"\" data-delay=\"400\">  <div class=\"grve-icon grve-medium grve-simple grve-no-shape grve-color-primary-1 smp-icon-people\"><\/div>  <div class=\"grve-box-content\"><h5 class=\"grve-box-title\"><span>Filosofia e Valori<\/span><\/h5>    <p class=\"\">Sono radicati e condivisi i valori di Romanutti Legno: esperienza, contatto diretto con la materia prima, abilit\u00e0 e passione, a garanzia di un risultato di qualit\u00e0.<\/p>  <\/div><\/div>[\/vc_column][vc_column width=&#8221;1\/3&#8243; tablet_sm_width=&#8221;1&#8243;]<div class=\"grve-element grve-box-icon grve-align-left grve-animated-item grve-fadeInUp\" style=\"\" data-delay=\"600\">  <div class=\"grve-icon grve-medium grve-simple grve-no-shape grve-color-primary-1 smp-icon-tag\"><\/div>  <div class=\"grve-box-content\"><h5 class=\"grve-box-title\"><span>Mission<\/span><\/h5>    <p class=\"\">Guidare il cliente nella scelta della procedura di essiccazione pi\u00f9 adatta per ottenere il migliore risultato con l\u2019utilizzo dei forni di Romanutti Legno, brevettati e di ultima generazione.<\/p>  <\/div><\/div>[\/vc_column][\/vc_row][vc_row padding_top=&#8221;70px&#8221; padding_bottom=&#8221;70px&#8221; margin_bottom=&#8221;0&#8243;][vc_column width=&#8221;1\/3&#8243; tablet_sm_width=&#8221;1&#8243;]<div class=\"grve-element grve-slogan grve-align-left\" style=\"\"><div class=\"grve-subtitle\">Storia<\/div><h4 class=\"grve-slogan-title grve-align-left grve-title-line\"><span>L\u2019enciclopedia del legno<\/span><\/h4>  <p class=\"\"><\/p><\/div>[vc_column_text]La storia della ditta Romanutti Legno si rispecchia in quella del suo fondatore, Mario Romanutti, e nella sua memoria storica nel campo del legname che si tramanda da novant\u2019anni.<\/p>\n<p>Mario \u00e8 stato il <strong>primo imprenditore nel triangolo della sedia<\/strong> a condurre i forni per l\u2019essiccazione del legno nell\u2019azienda di famiglia, collaudando e perfezionando i prototipi che gli venivano sottoposti.[\/vc_column_text][\/vc_column][vc_column width=&#8221;1\/3&#8243; tablet_sm_width=&#8221;1-2&#8243;][vc_column_text css=&#8221;&#8221;]Nel 1987 ha avuto la lungimiranza di avviare un\u2019azienda che ora \u00e8 tra le prime tre in Europa per l\u2019essiccazione sottovuoto del legno, dove all\u2019<strong>esperienza pluridecennale<\/strong> sul campo si \u00e8 da sempre unita la sensibilit\u00e0 dell\u2019utilizzo della <strong>tecnologia di ultima generazione<\/strong> per il perfezionamento sia del procedimento sia degli strumenti di lavoro (i forni).<\/p>\n<p>Ora, dopo la sua scomparsa, i figli Francesco e Francesca hanno preso le redini dell\u2019azienda, e con la stessa <strong>passione e perizia<\/strong> di Mario forniscono il migliore servizio di essiccazione ed evaporazione del legno per i clienti nazionali ed europei.[\/vc_column_text][\/vc_column][vc_column width=&#8221;1\/3&#8243;]<div class=\"grve-element grve-image grve-animated-item grve-fadeInUp grve-align-center\" style=\"\" data-delay=\"200\"><a class=\"grve-image-popup\" href=\"https:\/\/www.romanuttilegno.it\/wp-content\/uploads\/2016\/08\/Romanutti-Legno-1920x1342.jpg\"><img loading=\"lazy\" decoding=\"async\" width=\"2678\" height=\"1872\" src=\"https:\/\/www.romanuttilegno.it\/wp-content\/uploads\/2016\/08\/Romanutti-Legno.jpg\" class=\"attachment-full size-full\" alt=\"Foto d&#039;archivio: operai Romanutti Legno, anni \u201860\" srcset=\"https:\/\/www.romanuttilegno.it\/wp-content\/uploads\/2016\/08\/Romanutti-Legno.jpg 2678w, https:\/\/www.romanuttilegno.it\/wp-content\/uploads\/2016\/08\/Romanutti-Legno-300x210.jpg 300w, https:\/\/www.romanuttilegno.it\/wp-content\/uploads\/2016\/08\/Romanutti-Legno-768x537.jpg 768w, https:\/\/www.romanuttilegno.it\/wp-content\/uploads\/2016\/08\/Romanutti-Legno-1024x716.jpg 1024w, https:\/\/www.romanuttilegno.it\/wp-content\/uploads\/2016\/08\/Romanutti-Legno-1920x1342.jpg 1920w\" sizes=\"auto, (max-width: 2678px) 100vw, 2678px\" \/><\/a><\/div>[\/vc_column][\/vc_row][vc_row heading_color=&#8221;light&#8221; bg_type=&#8221;image&#8221; color_overlay=&#8221;dark&#8221; opacity_overlay=&#8221;80&#8243; padding_top=&#8221;70px&#8221; padding_bottom=&#8221;70px&#8221; margin_bottom=&#8221;0&#8243; font_color=&#8221;rgba(255,255,255,0.91)&#8221;][vc_column width=&#8221;1\/3&#8243; tablet_sm_width=&#8221;1&#8243;]<div class=\"grve-element grve-slogan grve-align-left\" style=\"\"><div class=\"grve-subtitle\">Filosofia e Valori<\/div><h4 class=\"grve-slogan-title grve-align-left grve-title-line\"><span>Il legno \u00e8 vivo<\/span><\/h4>  <p class=\"\"><\/p><\/div>[vc_column_text css=&#8221;&#8221;]Ogni procedimento di essiccazione deve tenere conto di numerose variabili: il tipo di legno, lo spessore, quale sar\u00e0 il prodotto finito, persino il luogo del suo utilizzo, senza contare le tempistiche del legno e del cliente.<br \/>\nEsiste uno studio dedicato al procedimento dell\u2019essiccazione\u00a0del legno, ma non \u00e8 sufficiente e non sono stati\u00a0elaborati standard o protocolli per la lavorazione.[\/vc_column_text][\/vc_column][vc_column width=&#8221;1\/3&#8243; tablet_sm_width=&#8221;1-2&#8243;][vc_column_text]Ugualmente, i forni sono programmabili, ma \u00e8 necessario saper modificare il programma di ogni lavorazione sulla base di tutti i fattori.<\/p>\n<p>Solo l\u2019<strong>esperienza<\/strong>\u00a0e il\u00a0<strong>contatto diretto con la materia<\/strong>\u00a0consentono nel tempo quella consapevolezza e quell\u2019abilit\u00e0 che garantiscono un risultato di qualit\u00e0. E la supervisione costante, la\u00a0<strong>componente umana<\/strong>\u00a0sono l\u2019unica via per perseguire questo obiettivo.<\/p>\n<p>Il nostro segreto per risultati d\u2019eccellenza:<br \/>\n<strong>amiamo quello che facciamo<\/strong>.[\/vc_column_text][\/vc_column][vc_column width=&#8221;1\/3&#8243;]<div class=\"grve-element grve-image grve-animated-item grve-fadeInUp grve-align-center\" style=\"\" data-delay=\"200\"><a class=\"grve-image-popup\" href=\"https:\/\/www.romanuttilegno.it\/wp-content\/uploads\/2017\/01\/Skyline-legni-01-1920x1280.jpg\"><img loading=\"lazy\" decoding=\"async\" width=\"1920\" height=\"1280\" src=\"https:\/\/www.romanuttilegno.it\/wp-content\/uploads\/2017\/01\/Skyline-legni-01.jpg\" class=\"attachment-full size-full\" alt=\"Skyline Legni\" srcset=\"https:\/\/www.romanuttilegno.it\/wp-content\/uploads\/2017\/01\/Skyline-legni-01.jpg 1920w, https:\/\/www.romanuttilegno.it\/wp-content\/uploads\/2017\/01\/Skyline-legni-01-300x200.jpg 300w, https:\/\/www.romanuttilegno.it\/wp-content\/uploads\/2017\/01\/Skyline-legni-01-768x512.jpg 768w, https:\/\/www.romanuttilegno.it\/wp-content\/uploads\/2017\/01\/Skyline-legni-01-1024x683.jpg 1024w\" sizes=\"auto, (max-width: 1920px) 100vw, 1920px\" \/><\/a><\/div>[\/vc_column][\/vc_row][vc_row padding_top=&#8221;70px&#8221; padding_bottom=&#8221;96px&#8221; margin_bottom=&#8221;0&#8243;][vc_column width=&#8221;1\/3&#8243; tablet_sm_width=&#8221;1&#8243;]<div class=\"grve-element grve-slogan grve-align-left\" style=\"\"><div class=\"grve-subtitle\">Mission<\/div><h4 class=\"grve-slogan-title grve-align-left grve-title-line\"><span>Ogni processo di essiccazione ha la sua storia<\/span><\/h4>  <p class=\"\"><\/p><\/div>[vc_column_text]Per tutto quello che \u00e8 legno, l\u2019<strong>essiccazione<\/strong> \u00e8 il primo passo. \u00c8 un procedimento sempre pi\u00f9 richiesto e ormai <strong>irrinunciabile<\/strong> per un prodotto stabile, senza cali di spessore e di larghezza, che dia la garanzia che, una volta lavorato, il materiale finale non subisca danni o conseguenze derivate dall\u2019ambiente.<\/p>\n<p>La nostra azienda familiare persegue questo obiettivo occupandosi <strong>personalmente<\/strong> di tutte le operazioni sul legno, dallo scarico al momento del suo arrivo fino al deposito nel magazzino una volta che il procedimento \u00e8 terminato.[\/vc_column_text][\/vc_column][vc_column width=&#8221;1\/3&#8243; tablet_sm_width=&#8221;1-2&#8243;][vc_column_text]Sulla base della tipologia della materia da lavorare, del prodotto che il cliente vuole realizzare e di variabili come l\u2019umidit\u00e0, l\u2019ambiente e la finalit\u00e0 di utilizzo, lo spessore, il tipo di legno, persino la stagione e il tempo intercorso dal passaggio alla segheria, noi consigliamo quale procedura di essiccazione intraprendere per ottenere il <strong>migliore risultato<\/strong>.<\/p>\n<p>E i forni, brevettati da noi e di ultima generazione, sono all\u2019avanguardia per garantire il massimo risparmio di tempo, la sicurezza del procedimento e il migliore risultato.<\/p>\n<p>Per questo Romanutti Legno \u00e8 una realt\u00e0 unica nel suo genere in Italia, <strong>la sola che pu\u00f2 soddisfare ogni esigenza<\/strong>.[\/vc_column_text][\/vc_column][vc_column width=&#8221;1\/3&#8243;]<div class=\"grve-element grve-image grve-animated-item grve-fadeInUp grve-align-center\" style=\"\" data-delay=\"200\"><a class=\"grve-image-popup\" href=\"https:\/\/www.romanuttilegno.it\/wp-content\/uploads\/2016\/10\/Fabbrica-06-1920x1280.jpg\"><img loading=\"lazy\" decoding=\"async\" width=\"1920\" height=\"1280\" src=\"https:\/\/www.romanuttilegno.it\/wp-content\/uploads\/2016\/10\/Fabbrica-06.jpg\" class=\"attachment-full size-full\" alt=\"Interno magazzino con legno da essiccare o gi\u00e0 essiccato\" srcset=\"https:\/\/www.romanuttilegno.it\/wp-content\/uploads\/2016\/10\/Fabbrica-06.jpg 1920w, https:\/\/www.romanuttilegno.it\/wp-content\/uploads\/2016\/10\/Fabbrica-06-300x200.jpg 300w, https:\/\/www.romanuttilegno.it\/wp-content\/uploads\/2016\/10\/Fabbrica-06-768x512.jpg 768w, https:\/\/www.romanuttilegno.it\/wp-content\/uploads\/2016\/10\/Fabbrica-06-1024x683.jpg 1024w\" sizes=\"auto, (max-width: 1920px) 100vw, 1920px\" \/><\/a><\/div>[\/vc_column][\/vc_row][vc_row padding_top=&#8221;0px&#8221; padding_bottom=&#8221;70px&#8221; margin_bottom=&#8221;0&#8243;][vc_column width=&#8221;2\/3&#8243; tablet_sm_width=&#8221;1&#8243;]<div class=\"grve-element grve-video\" style=\"\"><iframe loading=\"lazy\" title=\"Focus Romanutti Legno\" width=\"1080\" height=\"608\" src=\"https:\/\/www.youtube.com\/embed\/fXfdHOsN9zU?feature=oembed\" frameborder=\"0\" allow=\"accelerometer; autoplay; clipboard-write; encrypted-media; gyroscope; picture-in-picture; web-share\" allowfullscreen><\/iframe><\/div>[vc_empty_space height=&#8221;16px&#8221;]<h2 class=\"grve-element grve-align-left grve-title-line grve-h4\" style=\"\"><span>Francesco Romanutti racconta l\u2019essiccazione del legno<\/span><\/h2>[vc_column_text css=&#8221;&#8221;]In questa intervista, <strong>Francesco Romanutti<\/strong>, titolare di Romanutti Legno, racconta la storia dell&#8217;azienda fondata da suo padre Mario, pioniere nell&#8217;essiccazione del legno. Viene illustrato come l&#8217;azienda abbia evoluto le tecniche tradizionali integrando <strong>tecnologie brevettate di essiccazione sottovuoto<\/strong>, mantenendo al contempo una forte attenzione alla qualit\u00e0 e alla personalizzazione del servizio. Un viaggio attraverso l&#8217;esperienza, la passione e l&#8217;innovazione che rendono Romanutti Legno un punto di riferimento nel settore.[\/vc_column_text][vc_raw_html css=&#8221;&#8221;]JTNDc2NyaXB0JTIwdHlwZSUzRCUyMmFwcGxpY2F0aW9uJTJGbGQlMkJqc29uJTIyJTNFJTBBJTdCJTBBJTIwJTIwJTIyJTQwY29udGV4dCUyMiUzQSUyMCUyMmh0dHBzJTNBJTJGJTJGc2NoZW1hLm9yZyUyMiUyQyUwQSUyMCUyMCUyMiU0MHR5cGUlMjIlM0ElMjAlMjJWaWRlb09iamVjdCUyMiUyQyUwQSUyMCUyMCUyMm5hbWUlMjIlM0ElMjAlMjJJbnRlcnZpc3RhJTIwYSUyMEZyYW5jZXNjbyUyMFJvbWFudXR0aSUzQSUyMFRyYWRpemlvbmUlMjBlJTIwSW5ub3ZhemlvbmUlMjBuZWxsJUUyJTgwJTk5RXNzaWNjYXppb25lJTIwZGVsJTIwTGVnbm8lMjIlMkMlMEElMjAlMjAlMjJkZXNjcmlwdGlvbiUyMiUzQSUyMCUyMkZyYW5jZXNjbyUyMFJvbWFudXR0aSUyMHJhY2NvbnRhJTIwbGElMjBzdG9yaWElMjBlJTIwbCUyN2V2b2x1emlvbmUlMjB0ZWNub2xvZ2ljYSUyMGRlbGwlMjdhemllbmRhJTIwUm9tYW51dHRpJTIwTGVnbm8lMkMlMjBzcGVjaWFsaXp6YXRhJTIwbmVsbCUyN2Vzc2ljY2F6aW9uZSUyMGRlbCUyMGxlZ25vJTIwc290dG92dW90byUyMGUlMjBjb252ZW56aW9uYWxlLiUyMiUyQyUwQSUyMCUyMCUyMnRodW1ibmFpbFVybCUyMiUzQSUyMCUyMmh0dHBzJTNBJTJGJTJGaS55dGltZy5jb20lMkZ2aSUyRmZYZmRIT3NOOXpVJTJGbWF4cmVzZGVmYXVsdC5qcGclMjIlMkMlMEElMjAlMjAlMjJ1cGxvYWREYXRlJTIyJTNBJTIwJTIyMjAyNC0wMi0yMSUyMiUyQyUwQSUyMCUyMCUyMmR1cmF0aW9uJTIyJTNBJTIwJTIyUFQ0TTI3UyUyMiUyQyUwQSUyMCUyMCUyMmNvbnRlbnRVcmwlMjIlM0ElMjAlMjJodHRwcyUzQSUyRiUyRnlvdXR1LmJlJTJGZlhmZEhPc045elUlMjIlMkMlMEElMjAlMjAlMjJlbWJlZFVybCUyMiUzQSUyMCUyMmh0dHBzJTNBJTJGJTJGd3d3LnlvdXR1YmUuY29tJTJGZW1iZWQlMkZmWGZkSE9zTjl6VSUyMiUwQSU3RCUwQSUzQyUyRnNjcmlwdCUzRQ==[\/vc_raw_html][\/vc_column][vc_column width=&#8221;1\/3&#8243; tablet_sm_width=&#8221;1-2&#8243;][\/vc_column][\/vc_row][vc_row bg_type=&#8221;color&#8221; footer_feature=&#8221;yes&#8221; bg_color=&#8221;#f1f1f1&#8243; padding_top=&#8221;7%&#8221; padding_bottom=&#8221;10%&#8221; margin_bottom=&#8221;0&#8243;][vc_column width=&#8221;1\/3&#8243; tablet_sm_width=&#8221;1&#8243;]<div class=\"grve-element grve-box-icon grve-align-center grve-animated-item grve-fadeInUp\" style=\"\" data-delay=\"200\"><a href=\"https:\/\/www.romanuttilegno.it\/it\/servizi\/essiccazione-sottovuoto\/\" target=\"_self\">  <div class=\"grve-icon grve-large grve-simple grve-no-shape grve-color-primary-1 smp-icon-close\"><\/div><\/a>  <div class=\"grve-box-content\"><a href=\"https:\/\/www.romanuttilegno.it\/it\/servizi\/essiccazione-sottovuoto\/\" target=\"_self\"><h5 class=\"grve-box-title\"><span>Scopri i nostri servizi<\/span><\/h5><\/a>    <p class=\"\">di essiccazione sottovuoto<\/p>  <\/div><\/div>[\/vc_column][vc_column width=&#8221;1\/3&#8243; tablet_sm_width=&#8221;1&#8243;]<div class=\"grve-element grve-box-icon grve-align-center grve-animated-item grve-fadeInUp\" style=\"\" data-delay=\"400\"><a href=\"https:\/\/www.romanuttilegno.it\/it\/news\/\" target=\"_self\">  <div class=\"grve-icon grve-large grve-simple grve-no-shape grve-color-primary-1 smp-icon-book-open\"><\/div><\/a>  <div class=\"grve-box-content\"><a href=\"https:\/\/www.romanuttilegno.it\/it\/news\/\" target=\"_self\"><h5 class=\"grve-box-title\"><span>Leggi le ultime news<\/span><\/h5><\/a>    <p class=\"\">su tecnologia e sostenibilit\u00e0<\/p>  <\/div><\/div>[\/vc_column][vc_column width=&#8221;1\/3&#8243; tablet_sm_width=&#8221;1&#8243;]<div class=\"grve-element grve-box-icon grve-align-center grve-animated-item grve-fadeInUp\" style=\"\" data-delay=\"600\"><a href=\"https:\/\/www.romanuttilegno.it\/it\/contatti\/\" target=\"_self\">  <div class=\"grve-icon grve-large grve-simple grve-no-shape grve-color-primary-1 smp-icon-info\"><\/div><\/a>  <div class=\"grve-box-content\"><a href=\"https:\/\/www.romanuttilegno.it\/it\/contatti\/\" target=\"_self\"><h5 class=\"grve-box-title\"><span>Contattaci<\/span><\/h5><\/a>    <p class=\"\">per una consulenza<\/p>  <\/div><\/div>[\/vc_column][\/vc_row][vc_row heading_color=&#8221;light&#8221; section_type=&#8221;fullwidth-element&#8221; bg_type=&#8221;color&#8221; footer_feature=&#8221;yes&#8221; padding_top=&#8221;70px&#8221; padding_bottom=&#8221;70px&#8221; margin_bottom=&#8221;0&#8243; bg_color=&#8221;#8E8174&#8243; font_color=&#8221;#00000000&#8243;][vc_column width=&#8221;1\/4&#8243;]<div class=\"grve-element grve-counter grve-align-center grve-style-2 grve-animated-item grve-fadeInUp\" style=\"\" data-delay=\"200\">  <div class=\"grve-counter-content\">    <div class=\"grve-counter-item grve-color-grey\">      <span data-thousands-separator-vis=\"\" data-thousands-separator=\".\" data-prefix=\"\" data-suffix=\"\" data-start-val=\"0\" data-end-val=\"38\" data-decimal-points=\"0\" data-decimal-separator=\",\">0<\/span>    <\/div><h5 class=\"grve-counter-title\"><span>Anni di attivit\u00e0<\/span><\/h5>  <\/div><\/div>[\/vc_column][vc_column width=&#8221;1\/4&#8243;]<div class=\"grve-element grve-counter grve-align-center grve-style-2 grve-animated-item grve-fadeInUp\" style=\"\" data-delay=\"400\">  <div class=\"grve-counter-content\">    <div class=\"grve-counter-item grve-color-grey\">      <span data-thousands-separator-vis=\"\" data-thousands-separator=\".\" data-prefix=\"\" data-suffix=\"+\" data-start-val=\"0\" data-end-val=\"100\" data-decimal-points=\"0\" data-decimal-separator=\",\">0<\/span>    <\/div><h5 class=\"grve-counter-title\"><span>Clienti Soddisfatti<\/span><\/h5>  <\/div><\/div>[\/vc_column][vc_column width=&#8221;1\/4&#8243;]<div class=\"grve-element grve-counter grve-align-center grve-style-2 grve-animated-item grve-fadeInUp\" style=\"\" data-delay=\"600\">  <div class=\"grve-counter-content\">    <div class=\"grve-counter-item grve-color-grey\">      <span data-thousands-separator-vis=\"\" data-thousands-separator=\".\" data-prefix=\"\" data-suffix=\"\" data-start-val=\"0\" data-end-val=\"35\" data-decimal-points=\"0\" data-decimal-separator=\",\">0<\/span>    <\/div><h5 class=\"grve-counter-title\"><span>Forni di Essiccazione<\/span><\/h5>  <\/div><\/div>[\/vc_column][vc_column width=&#8221;1\/4&#8243;]<div class=\"grve-element grve-counter grve-align-center grve-style-2 grve-animated-item grve-fadeInUp\" style=\"\" data-delay=\"800\">  <div class=\"grve-counter-content\">    <div class=\"grve-counter-item grve-color-grey\">      <span data-thousands-separator-vis=\"\" data-thousands-separator=\".\" data-prefix=\"\" data-suffix=\"+\" data-start-val=\"0\" data-end-val=\"10000\" data-decimal-points=\"0\" data-decimal-separator=\",\">0<\/span>    <\/div><h5 class=\"grve-counter-title\"><span>Legno Essiccato mc\/anno<\/span><\/h5>  <\/div><\/div>[\/vc_column][\/vc_row]<\/p>\n<\/div>","protected":false},"excerpt":{"rendered":"<p>[vc_row bg_type=&#8221;color&#8221; header_feature=&#8221;yes&#8221; bg_color=&#8221;#f1f1f1&#8243; padding_top=&#8221;14%&#8221; padding_bottom=&#8221;14%&#8221; margin_bottom=&#8221;0&#8243;][vc_column width=&#8221;1\/3&#8243; tablet_sm_width=&#8221;1&#8243;][\/vc_column][vc_column width=&#8221;1\/3&#8243; tablet_sm_width=&#8221;1&#8243;][\/vc_column][vc_column width=&#8221;1\/3&#8243; tablet_sm_width=&#8221;1&#8243;][\/vc_column][\/vc_row][vc_row padding_top=&#8221;70px&#8221; padding_bottom=&#8221;70px&#8221; margin_bottom=&#8221;0&#8243;][vc_column width=&#8221;1\/3&#8243; tablet_sm_width=&#8221;1&#8243;][vc_column_text]La storia della ditta Romanutti Legno si rispecchia in quella del suo fondatore, Mario Romanutti, e nella sua memoria storica nel campo del legname che si tramanda da novant\u2019anni. Mario \u00e8 stato il primo imprenditore nel triangolo della [&hellip;]<\/p>\n","protected":false},"author":3,"featured_media":0,"parent":0,"menu_order":2,"comment_status":"closed","ping_status":"closed","template":"","meta":{"footnotes":""},"class_list":["post-7","page","type-page","status-publish","hentry"],"_links":{"self":[{"href":"https:\/\/www.romanuttilegno.it\/it\/wp-json\/wp\/v2\/pages\/7","targetHints":{"allow":["GET"]}}],"collection":[{"href":"https:\/\/www.romanuttilegno.it\/it\/wp-json\/wp\/v2\/pages"}],"about":[{"href":"https:\/\/www.romanuttilegno.it\/it\/wp-json\/wp\/v2\/types\/page"}],"author":[{"embeddable":true,"href":"https:\/\/www.romanuttilegno.it\/it\/wp-json\/wp\/v2\/users\/3"}],"replies":[{"embeddable":true,"href":"https:\/\/www.romanuttilegno.it\/it\/wp-json\/wp\/v2\/comments?post=7"}],"version-history":[{"count":154,"href":"https:\/\/www.romanuttilegno.it\/it\/wp-json\/wp\/v2\/pages\/7\/revisions"}],"predecessor-version":[{"id":291,"href":"https:\/\/www.romanuttilegno.it\/it\/wp-json\/wp\/v2\/pages\/7\/revisions\/291"}],"wp:attachment":[{"href":"https:\/\/www.romanuttilegno.it\/it\/wp-json\/wp\/v2\/media?parent=7"}],"curies":[{"name":"wp","href":"https:\/\/api.w.org\/{rel}","templated":true}]}}